{"id":816,"date":"2023-08-29T10:46:53","date_gmt":"2023-08-29T10:46:53","guid":{"rendered":"http:\/\/duesseldorf.portugal.de\/?page_id=816"},"modified":"2023-09-04T10:35:59","modified_gmt":"2023-09-04T10:35:59","slug":"bs-visuelle-kommunikationsprodukte-2","status":"publish","type":"page","link":"http:\/\/duesseldorf.portugal.de\/pt\/portugal-in-duesseldorf\/investionen\/bs-visuelle-kommunikationsprodukte-2\/","title":{"rendered":"Bs Visuelle Kommunikationsprodukte"},"content":{"rendered":"<div data-elementor-type=\"wp-page\" data-elementor-id=\"816\" class=\"elementor elementor-816\">\n\t\t\t\t\t\t<section class=\"elementor-section elementor-top-section elementor-element elementor-element-10e3e51b elementor-section-boxed elementor-section-height-default elementor-section-height-default\" data-id=\"10e3e51b\" data-element_type=\"section\" data-e-type=\"section\">\n\t\t\t\t\t\t<div class=\"elementor-container elementor-column-gap-default\">\n\t\t\t\t\t<div class=\"elementor-column elementor-col-100 elementor-top-column elementor-element elementor-element-3e35862c\" data-id=\"3e35862c\" data-element_type=\"column\" data-e-type=\"column\">\n\t\t\t<div class=\"elementor-widget-wrap elementor-element-populated\">\n\t\t\t\t\t\t<div class=\"elementor-element elementor-element-425251ba elementor-widget elementor-widget-image\" data-id=\"425251ba\" data-element_type=\"widget\" data-e-type=\"widget\" data-widget_type=\"image.default\">\n\t\t\t\t<div class=\"elementor-widget-container\">\n\t\t\t\t\t\t\t\t\t\t\t\t\t\t\t\t<a href=\"http:\/\/www.bree.com\">\n\t\t\t\t\t\t\t<img fetchpriority=\"high\" decoding=\"async\" width=\"225\" height=\"225\" src=\"https:\/\/duesseldorf.portugal.de\/wp-content\/uploads\/2023\/08\/Bs-Visuelle-Kommunikationsprodukte.png\" class=\"attachment-medium size-medium wp-image-801\" alt=\"\" srcset=\"https:\/\/duesseldorf.portugal.de\/wp-content\/uploads\/2023\/08\/Bs-Visuelle-Kommunikationsprodukte.png 225w, https:\/\/duesseldorf.portugal.de\/wp-content\/uploads\/2023\/08\/Bs-Visuelle-Kommunikationsprodukte-150x150.png 150w, https:\/\/duesseldorf.portugal.de\/wp-content\/uploads\/2023\/08\/Bs-Visuelle-Kommunikationsprodukte-12x12.png 12w\" sizes=\"100vw\" \/>\t\t\t\t\t\t\t\t<\/a>\n\t\t\t\t\t\t\t\t\t\t\t\t\t\t\t<\/div>\n\t\t\t\t<\/div>\n\t\t\t\t\t<\/div>\n\t\t<\/div>\n\t\t\t\t\t<\/div>\n\t\t<\/section>\n\t\t\t\t<section class=\"elementor-section elementor-top-section elementor-element elementor-element-a3c788 elementor-section-boxed elementor-section-height-default elementor-section-height-default\" data-id=\"a3c788\" data-element_type=\"section\" data-e-type=\"section\">\n\t\t\t\t\t\t<div class=\"elementor-container elementor-column-gap-default\">\n\t\t\t\t\t<div class=\"elementor-column elementor-col-50 elementor-top-column elementor-element elementor-element-50c9b3ea\" data-id=\"50c9b3ea\" data-element_type=\"column\" data-e-type=\"column\">\n\t\t\t<div class=\"elementor-widget-wrap elementor-element-populated\">\n\t\t\t\t\t\t<div class=\"elementor-element elementor-element-1874a536 elementor-widget elementor-widget-heading\" data-id=\"1874a536\" data-element_type=\"widget\" data-e-type=\"widget\" data-widget_type=\"heading.default\">\n\t\t\t\t<div class=\"elementor-widget-container\">\n\t\t\t\t\t<h3 class=\"elementor-heading-title elementor-size-default\">... em Portugal<\/h3>\t\t\t\t<\/div>\n\t\t\t\t<\/div>\n\t\t\t\t<div class=\"elementor-element elementor-element-577eefbe elementor-widget elementor-widget-text-editor\" data-id=\"577eefbe\" data-element_type=\"widget\" data-e-type=\"widget\" data-widget_type=\"text-editor.default\">\n\t\t\t\t<div class=\"elementor-widget-container\">\n\t\t\t\t\t\t\t\t\t<p><strong>Nome: <\/strong>Bi-Silque &#8211; Produtos De Comunica\u00e7\u00e3o Visual, S.A.<\/p><p><strong>Localiza\u00e7\u00e3o: <\/strong>Rua Cais da Esta\u00e7\u00e3o 340, 3885-528 Esmoriz<\/p><p><strong style=\"font-family: var( --e-global-typography-text-font-family ), Sans-serif;\">Setor: <\/strong>Equipamentos e Produtos Industriais - Mobili\u00e1rio Escolar e de Escrit\u00f3rio<\/p>\t\t\t\t\t\t\t\t<\/div>\n\t\t\t\t<\/div>\n\t\t\t\t\t<\/div>\n\t\t<\/div>\n\t\t\t\t<div class=\"elementor-column elementor-col-50 elementor-top-column elementor-element elementor-element-5e4c1a52\" data-id=\"5e4c1a52\" data-element_type=\"column\" data-e-type=\"column\">\n\t\t\t<div class=\"elementor-widget-wrap elementor-element-populated\">\n\t\t\t\t\t\t<div class=\"elementor-element elementor-element-7034c7c6 elementor-widget elementor-widget-heading\" data-id=\"7034c7c6\" data-element_type=\"widget\" data-e-type=\"widget\" data-widget_type=\"heading.default\">\n\t\t\t\t<div class=\"elementor-widget-container\">\n\t\t\t\t\t<h3 class=\"elementor-heading-title elementor-size-default\">... na Alemanha<\/h3>\t\t\t\t<\/div>\n\t\t\t\t<\/div>\n\t\t\t\t<div class=\"elementor-element elementor-element-10eab922 elementor-widget elementor-widget-text-editor\" data-id=\"10eab922\" data-element_type=\"widget\" data-e-type=\"widget\" data-widget_type=\"text-editor.default\">\n\t\t\t\t<div class=\"elementor-widget-container\">\n\t\t\t\t\t\t\t\t\t<p><strong>Nome: <\/strong>Bs Visuelle Kommunikationsprodukte GmbH<\/p><p><strong>Localiza\u00e7\u00e3o: <\/strong>Professor-Oehler-Str. 8, 40589 D\u00fcsseldorf<\/p><p><strong>Setor: <\/strong>Equipamentos e Produtos Industriais - Mobili\u00e1rio Escolar e de Escrit\u00f3rio<\/p>\t\t\t\t\t\t\t\t<\/div>\n\t\t\t\t<\/div>\n\t\t\t\t\t<\/div>\n\t\t<\/div>\n\t\t\t\t\t<\/div>\n\t\t<\/section>\n\t\t\t\t<section class=\"elementor-section elementor-top-section elementor-element elementor-element-6888b3fe elementor-section-boxed elementor-section-height-default elementor-section-height-default\" data-id=\"6888b3fe\" data-element_type=\"section\" data-e-type=\"section\">\n\t\t\t\t\t\t<div class=\"elementor-container elementor-column-gap-default\">\n\t\t\t\t\t<div class=\"elementor-column elementor-col-50 elementor-top-column elementor-element elementor-element-58acfe1d\" data-id=\"58acfe1d\" data-element_type=\"column\" data-e-type=\"column\">\n\t\t\t<div class=\"elementor-widget-wrap elementor-element-populated\">\n\t\t\t\t\t\t<div class=\"elementor-element elementor-element-6e6ed4 elementor-align-left elementor-widget elementor-widget-button\" data-id=\"6e6ed4\" data-element_type=\"widget\" data-e-type=\"widget\" data-widget_type=\"button.default\">\n\t\t\t\t<div class=\"elementor-widget-container\">\n\t\t\t\t\t\t\t\t\t<div class=\"elementor-button-wrapper\">\n\t\t\t\t\t<a class=\"elementor-button elementor-button-link elementor-size-sm\" href=\"http:\/\/www.bisilque.com\" target=\"_blank\">\n\t\t\t\t\t\t<span class=\"elementor-button-content-wrapper\">\n\t\t\t\t\t\t\t\t\t<span class=\"elementor-button-text\">Website<\/span>\n\t\t\t\t\t<\/span>\n\t\t\t\t\t<\/a>\n\t\t\t\t<\/div>\n\t\t\t\t\t\t\t\t<\/div>\n\t\t\t\t<\/div>\n\t\t\t\t\t<\/div>\n\t\t<\/div>\n\t\t\t\t<div class=\"elementor-column elementor-col-50 elementor-top-column elementor-element elementor-element-3308620e\" data-id=\"3308620e\" data-element_type=\"column\" data-e-type=\"column\">\n\t\t\t<div class=\"elementor-widget-wrap elementor-element-populated\">\n\t\t\t\t\t\t<div class=\"elementor-element elementor-element-d4b5638 elementor-align-left elementor-widget elementor-widget-button\" data-id=\"d4b5638\" data-element_type=\"widget\" data-e-type=\"widget\" data-widget_type=\"button.default\">\n\t\t\t\t<div class=\"elementor-widget-container\">\n\t\t\t\t\t\t\t\t\t<div class=\"elementor-button-wrapper\">\n\t\t\t\t\t<a class=\"elementor-button elementor-button-link elementor-size-sm\" href=\"https:\/\/www.bisilque.com\/\" target=\"_blank\">\n\t\t\t\t\t\t<span class=\"elementor-button-content-wrapper\">\n\t\t\t\t\t\t\t\t\t<span class=\"elementor-button-text\">Website<\/span>\n\t\t\t\t\t<\/span>\n\t\t\t\t\t<\/a>\n\t\t\t\t<\/div>\n\t\t\t\t\t\t\t\t<\/div>\n\t\t\t\t<\/div>\n\t\t\t\t\t<\/div>\n\t\t<\/div>\n\t\t\t\t\t<\/div>\n\t\t<\/section>\n\t\t\t\t<\/div>","protected":false},"excerpt":{"rendered":"<p>&#8230; in Portugal Name: Bi-Silque &#8211; Produtos De Comunica\u00e7\u00e3o Visual, S.A. Standort: Rua Cais da Esta\u00e7\u00e3o 340, 3885-528 Esmoriz Branche: Industrielle Ger\u00e4te und Produkte &#8211; Schul- und B\u00fcrom\u00f6bel &#8230; in Deutschland Name: Bs Visuelle Kommunikationsprodukte GmbH Standort: Professor-Oehler-Str. 8, 40589 D\u00fcsseldorf Branche: Industrielle Ger\u00e4te und Produkte &#8211; Schul- und B\u00fcrom\u00f6bel Website Website<\/p>","protected":false},"author":2,"featured_media":0,"parent":101,"menu_order":0,"comment_status":"closed","ping_status":"closed","template":"","meta":{"inspiro_hide_title":false,"footnotes":""},"class_list":["post-816","page","type-page","status-publish","hentry"],"_links":{"self":[{"href":"http:\/\/duesseldorf.portugal.de\/pt\/wp-json\/wp\/v2\/pages\/816","targetHints":{"allow":["GET"]}}],"collection":[{"href":"http:\/\/duesseldorf.portugal.de\/pt\/wp-json\/wp\/v2\/pages"}],"about":[{"href":"http:\/\/duesseldorf.portugal.de\/pt\/wp-json\/wp\/v2\/types\/page"}],"author":[{"embeddable":true,"href":"http:\/\/duesseldorf.portugal.de\/pt\/wp-json\/wp\/v2\/users\/2"}],"replies":[{"embeddable":true,"href":"http:\/\/duesseldorf.portugal.de\/pt\/wp-json\/wp\/v2\/comments?post=816"}],"version-history":[{"count":11,"href":"http:\/\/duesseldorf.portugal.de\/pt\/wp-json\/wp\/v2\/pages\/816\/revisions"}],"predecessor-version":[{"id":1163,"href":"http:\/\/duesseldorf.portugal.de\/pt\/wp-json\/wp\/v2\/pages\/816\/revisions\/1163"}],"up":[{"embeddable":true,"href":"http:\/\/duesseldorf.portugal.de\/pt\/wp-json\/wp\/v2\/pages\/101"}],"wp:attachment":[{"href":"http:\/\/duesseldorf.portugal.de\/pt\/wp-json\/wp\/v2\/media?parent=816"}],"curies":[{"name":"wp","href":"https:\/\/api.w.org\/{rel}","templated":true}]}}