{"id":822,"date":"2023-08-29T10:47:41","date_gmt":"2023-08-29T10:47:41","guid":{"rendered":"http:\/\/duesseldorf.portugal.de\/?page_id=822"},"modified":"2023-09-04T10:48:12","modified_gmt":"2023-09-04T10:48:12","slug":"lavoro-arbeitsschutz-vertriebsgesellschaft-2","status":"publish","type":"page","link":"http:\/\/duesseldorf.portugal.de\/pt\/portugal-in-duesseldorf\/investionen\/lavoro-arbeitsschutz-vertriebsgesellschaft-2\/","title":{"rendered":"Lavoro Arbeitsschutz Vertriebsgesellschaft"},"content":{"rendered":"<div data-elementor-type=\"wp-page\" data-elementor-id=\"822\" class=\"elementor elementor-822\">\n\t\t\t\t\t\t<section class=\"elementor-section elementor-top-section elementor-element elementor-element-3b266058 elementor-section-boxed elementor-section-height-default elementor-section-height-default\" data-id=\"3b266058\" data-element_type=\"section\" data-e-type=\"section\">\n\t\t\t\t\t\t<div class=\"elementor-container elementor-column-gap-default\">\n\t\t\t\t\t<div class=\"elementor-column elementor-col-100 elementor-top-column elementor-element elementor-element-34a799c2\" data-id=\"34a799c2\" data-element_type=\"column\" data-e-type=\"column\">\n\t\t\t<div class=\"elementor-widget-wrap elementor-element-populated\">\n\t\t\t\t\t\t<div class=\"elementor-element elementor-element-ff274d7 elementor-widget elementor-widget-image\" data-id=\"ff274d7\" data-element_type=\"widget\" data-e-type=\"widget\" data-widget_type=\"image.default\">\n\t\t\t\t<div class=\"elementor-widget-container\">\n\t\t\t\t\t\t\t\t\t\t\t\t\t\t\t\t<a href=\"http:\/\/www.bree.com\">\n\t\t\t\t\t\t\t<img fetchpriority=\"high\" decoding=\"async\" width=\"300\" height=\"300\" src=\"http:\/\/duesseldorf.portugal.de\/wp-content\/uploads\/2023\/08\/Lavoro-Arbeitsschutz-Vertriebsgesellschaft-300x300.png\" class=\"attachment-medium size-medium wp-image-806\" alt=\"\" srcset=\"http:\/\/duesseldorf.portugal.de\/wp-content\/uploads\/2023\/08\/Lavoro-Arbeitsschutz-Vertriebsgesellschaft-300x300.png 300w, http:\/\/duesseldorf.portugal.de\/wp-content\/uploads\/2023\/08\/Lavoro-Arbeitsschutz-Vertriebsgesellschaft-e1693305828477-150x150.png 150w, http:\/\/duesseldorf.portugal.de\/wp-content\/uploads\/2023\/08\/Lavoro-Arbeitsschutz-Vertriebsgesellschaft-e1693305828477-12x12.png 12w, http:\/\/duesseldorf.portugal.de\/wp-content\/uploads\/2023\/08\/Lavoro-Arbeitsschutz-Vertriebsgesellschaft-e1693305828477.png 275w\" sizes=\"100vw\" \/>\t\t\t\t\t\t\t\t<\/a>\n\t\t\t\t\t\t\t\t\t\t\t\t\t\t\t<\/div>\n\t\t\t\t<\/div>\n\t\t\t\t\t<\/div>\n\t\t<\/div>\n\t\t\t\t\t<\/div>\n\t\t<\/section>\n\t\t\t\t<section class=\"elementor-section elementor-top-section elementor-element elementor-element-2924b64d elementor-section-boxed elementor-section-height-default elementor-section-height-default\" data-id=\"2924b64d\" data-element_type=\"section\" data-e-type=\"section\">\n\t\t\t\t\t\t<div class=\"elementor-container elementor-column-gap-default\">\n\t\t\t\t\t<div class=\"elementor-column elementor-col-50 elementor-top-column elementor-element elementor-element-aa83699\" data-id=\"aa83699\" data-element_type=\"column\" data-e-type=\"column\">\n\t\t\t<div class=\"elementor-widget-wrap elementor-element-populated\">\n\t\t\t\t\t\t<div class=\"elementor-element elementor-element-3846ac83 elementor-widget elementor-widget-heading\" data-id=\"3846ac83\" data-element_type=\"widget\" data-e-type=\"widget\" data-widget_type=\"heading.default\">\n\t\t\t\t<div class=\"elementor-widget-container\">\n\t\t\t\t\t<h3 class=\"elementor-heading-title elementor-size-default\">... em Portugal<\/h3>\t\t\t\t<\/div>\n\t\t\t\t<\/div>\n\t\t\t\t<div class=\"elementor-element elementor-element-7f098e1a elementor-widget elementor-widget-text-editor\" data-id=\"7f098e1a\" data-element_type=\"widget\" data-e-type=\"widget\" data-widget_type=\"text-editor.default\">\n\t\t\t\t<div class=\"elementor-widget-container\">\n\t\t\t\t\t\t\t\t\t<p><strong>Nome: <\/strong>ICC &#8211; Ind\u00fastrias e Com\u00e9rcio de Cal\u00e7ado, S.A.<\/p><p><strong>Localiza\u00e7\u00e3o: <\/strong>Rua do Bairro do Sol 680, 4810-718 Guimar\u00e3es<\/p><p><strong style=\"font-family: var( --e-global-typography-text-font-family ), Sans-serif;\">Setor: <\/strong>Moda - Cal\u00e7ado e Componentes<\/p>\t\t\t\t\t\t\t\t<\/div>\n\t\t\t\t<\/div>\n\t\t\t\t\t<\/div>\n\t\t<\/div>\n\t\t\t\t<div class=\"elementor-column elementor-col-50 elementor-top-column elementor-element elementor-element-3430ff14\" data-id=\"3430ff14\" data-element_type=\"column\" data-e-type=\"column\">\n\t\t\t<div class=\"elementor-widget-wrap elementor-element-populated\">\n\t\t\t\t\t\t<div class=\"elementor-element elementor-element-774ab4a4 elementor-widget elementor-widget-heading\" data-id=\"774ab4a4\" data-element_type=\"widget\" data-e-type=\"widget\" data-widget_type=\"heading.default\">\n\t\t\t\t<div class=\"elementor-widget-container\">\n\t\t\t\t\t<h3 class=\"elementor-heading-title elementor-size-default\">... na Alemanha<\/h3>\t\t\t\t<\/div>\n\t\t\t\t<\/div>\n\t\t\t\t<div class=\"elementor-element elementor-element-40d40d84 elementor-widget elementor-widget-text-editor\" data-id=\"40d40d84\" data-element_type=\"widget\" data-e-type=\"widget\" data-widget_type=\"text-editor.default\">\n\t\t\t\t<div class=\"elementor-widget-container\">\n\t\t\t\t\t\t\t\t\t<p><strong>Nome:<\/strong>Lavoro Arbeitsschutz Vertriebsgesellschaft mbH<strong><br \/><\/strong><\/p><p><strong>Localiza\u00e7\u00e3o: <\/strong>Dimbeck 96, 45470 M\u00fclheim<\/p><p><strong>Setor: <\/strong>Moda - Cal\u00e7ado e Componentes<\/p>\t\t\t\t\t\t\t\t<\/div>\n\t\t\t\t<\/div>\n\t\t\t\t\t<\/div>\n\t\t<\/div>\n\t\t\t\t\t<\/div>\n\t\t<\/section>\n\t\t\t\t<section class=\"elementor-section elementor-top-section elementor-element elementor-element-70789f80 elementor-section-boxed elementor-section-height-default elementor-section-height-default\" data-id=\"70789f80\" data-element_type=\"section\" data-e-type=\"section\">\n\t\t\t\t\t\t<div class=\"elementor-container elementor-column-gap-default\">\n\t\t\t\t\t<div class=\"elementor-column elementor-col-50 elementor-top-column elementor-element elementor-element-733f0f1e\" data-id=\"733f0f1e\" data-element_type=\"column\" data-e-type=\"column\">\n\t\t\t<div class=\"elementor-widget-wrap elementor-element-populated\">\n\t\t\t\t\t\t<div class=\"elementor-element elementor-element-7a63b1a elementor-align-left elementor-widget elementor-widget-button\" data-id=\"7a63b1a\" data-element_type=\"widget\" data-e-type=\"widget\" data-widget_type=\"button.default\">\n\t\t\t\t<div class=\"elementor-widget-container\">\n\t\t\t\t\t\t\t\t\t<div class=\"elementor-button-wrapper\">\n\t\t\t\t\t<a class=\"elementor-button elementor-button-link elementor-size-sm\" href=\"https:\/\/shop.lavoro.pt\/\" target=\"_blank\">\n\t\t\t\t\t\t<span class=\"elementor-button-content-wrapper\">\n\t\t\t\t\t\t\t\t\t<span class=\"elementor-button-text\">Website<\/span>\n\t\t\t\t\t<\/span>\n\t\t\t\t\t<\/a>\n\t\t\t\t<\/div>\n\t\t\t\t\t\t\t\t<\/div>\n\t\t\t\t<\/div>\n\t\t\t\t\t<\/div>\n\t\t<\/div>\n\t\t\t\t<div class=\"elementor-column elementor-col-50 elementor-top-column elementor-element elementor-element-4ad814be\" data-id=\"4ad814be\" data-element_type=\"column\" data-e-type=\"column\">\n\t\t\t<div class=\"elementor-widget-wrap elementor-element-populated\">\n\t\t\t\t\t\t<div class=\"elementor-element elementor-element-4bdbb811 elementor-align-left elementor-widget elementor-widget-button\" data-id=\"4bdbb811\" data-element_type=\"widget\" data-e-type=\"widget\" data-widget_type=\"button.default\">\n\t\t\t\t<div class=\"elementor-widget-container\">\n\t\t\t\t\t\t\t\t\t<div class=\"elementor-button-wrapper\">\n\t\t\t\t\t<a class=\"elementor-button elementor-button-link elementor-size-sm\" href=\"https:\/\/shop.lavoro.pt\/\" target=\"_blank\">\n\t\t\t\t\t\t<span class=\"elementor-button-content-wrapper\">\n\t\t\t\t\t\t\t\t\t<span class=\"elementor-button-text\">Website<\/span>\n\t\t\t\t\t<\/span>\n\t\t\t\t\t<\/a>\n\t\t\t\t<\/div>\n\t\t\t\t\t\t\t\t<\/div>\n\t\t\t\t<\/div>\n\t\t\t\t\t<\/div>\n\t\t<\/div>\n\t\t\t\t\t<\/div>\n\t\t<\/section>\n\t\t\t\t<\/div>","protected":false},"excerpt":{"rendered":"<p>&#8230; in Portugal Name: ICC &#8211; Ind\u00fastrias e Com\u00e9rcio de Cal\u00e7ado, S.A. Standort: Rua do Bairro do Sol 680, 4810-718 Guimar\u00e3es Branche: Mode &#8211; Schuhe und Komponenten &#8230; in Deutschland Name:Lavoro Arbeitsschutz Vertriebsgesellschaft mbH Standort: Dimbeck 96, 45470 M\u00fclheim Branche: Mode &#8211; Schuhe und Komponenten Website Website<\/p>","protected":false},"author":2,"featured_media":0,"parent":101,"menu_order":0,"comment_status":"closed","ping_status":"closed","template":"","meta":{"inspiro_hide_title":false,"footnotes":""},"class_list":["post-822","page","type-page","status-publish","hentry"],"_links":{"self":[{"href":"http:\/\/duesseldorf.portugal.de\/pt\/wp-json\/wp\/v2\/pages\/822","targetHints":{"allow":["GET"]}}],"collection":[{"href":"http:\/\/duesseldorf.portugal.de\/pt\/wp-json\/wp\/v2\/pages"}],"about":[{"href":"http:\/\/duesseldorf.portugal.de\/pt\/wp-json\/wp\/v2\/types\/page"}],"author":[{"embeddable":true,"href":"http:\/\/duesseldorf.portugal.de\/pt\/wp-json\/wp\/v2\/users\/2"}],"replies":[{"embeddable":true,"href":"http:\/\/duesseldorf.portugal.de\/pt\/wp-json\/wp\/v2\/comments?post=822"}],"version-history":[{"count":8,"href":"http:\/\/duesseldorf.portugal.de\/pt\/wp-json\/wp\/v2\/pages\/822\/revisions"}],"predecessor-version":[{"id":1181,"href":"http:\/\/duesseldorf.portugal.de\/pt\/wp-json\/wp\/v2\/pages\/822\/revisions\/1181"}],"up":[{"embeddable":true,"href":"http:\/\/duesseldorf.portugal.de\/pt\/wp-json\/wp\/v2\/pages\/101"}],"wp:attachment":[{"href":"http:\/\/duesseldorf.portugal.de\/pt\/wp-json\/wp\/v2\/media?parent=822"}],"curies":[{"name":"wp","href":"https:\/\/api.w.org\/{rel}","templated":true}]}}