{"id":824,"date":"2023-08-29T10:47:49","date_gmt":"2023-08-29T10:47:49","guid":{"rendered":"http:\/\/duesseldorf.portugal.de\/?page_id=824"},"modified":"2023-09-04T10:50:06","modified_gmt":"2023-09-04T10:50:06","slug":"neue-stoelting-maschinenfabrik-2","status":"publish","type":"page","link":"http:\/\/duesseldorf.portugal.de\/pt\/portugal-in-duesseldorf\/investionen\/neue-stoelting-maschinenfabrik-2\/","title":{"rendered":"Neue St\u00f6lting Maschinenfabrik"},"content":{"rendered":"<div data-elementor-type=\"wp-page\" data-elementor-id=\"824\" class=\"elementor elementor-824\">\n\t\t\t\t\t\t<section class=\"elementor-section elementor-top-section elementor-element elementor-element-cde32c5 elementor-section-boxed elementor-section-height-default elementor-section-height-default\" data-id=\"cde32c5\" data-element_type=\"section\" data-e-type=\"section\">\n\t\t\t\t\t\t<div class=\"elementor-container elementor-column-gap-default\">\n\t\t\t\t\t<div class=\"elementor-column elementor-col-100 elementor-top-column elementor-element elementor-element-74a67944\" data-id=\"74a67944\" data-element_type=\"column\" data-e-type=\"column\">\n\t\t\t<div class=\"elementor-widget-wrap elementor-element-populated\">\n\t\t\t\t\t\t<div class=\"elementor-element elementor-element-4c483e68 elementor-widget elementor-widget-image\" data-id=\"4c483e68\" data-element_type=\"widget\" data-e-type=\"widget\" data-widget_type=\"image.default\">\n\t\t\t\t<div class=\"elementor-widget-container\">\n\t\t\t\t\t\t\t\t\t\t\t\t\t\t\t\t<a href=\"http:\/\/www.bree.com\">\n\t\t\t\t\t\t\t<img fetchpriority=\"high\" decoding=\"async\" width=\"300\" height=\"300\" src=\"http:\/\/duesseldorf.portugal.de\/wp-content\/uploads\/2023\/08\/Neue-Stoelting-Maschinenfabrik-300x300.png\" class=\"attachment-medium size-medium wp-image-811\" alt=\"\" srcset=\"http:\/\/duesseldorf.portugal.de\/wp-content\/uploads\/2023\/08\/Neue-Stoelting-Maschinenfabrik-300x300.png 300w, http:\/\/duesseldorf.portugal.de\/wp-content\/uploads\/2023\/08\/Neue-Stoelting-Maschinenfabrik-1024x1024.png 1024w, http:\/\/duesseldorf.portugal.de\/wp-content\/uploads\/2023\/08\/Neue-Stoelting-Maschinenfabrik-e1693305856426-150x150.png 150w, http:\/\/duesseldorf.portugal.de\/wp-content\/uploads\/2023\/08\/Neue-Stoelting-Maschinenfabrik-768x768.png 768w, http:\/\/duesseldorf.portugal.de\/wp-content\/uploads\/2023\/08\/Neue-Stoelting-Maschinenfabrik-e1693305856426-12x12.png 12w, http:\/\/duesseldorf.portugal.de\/wp-content\/uploads\/2023\/08\/Neue-Stoelting-Maschinenfabrik-e1693305856426.png 275w\" sizes=\"100vw\" \/>\t\t\t\t\t\t\t\t<\/a>\n\t\t\t\t\t\t\t\t\t\t\t\t\t\t\t<\/div>\n\t\t\t\t<\/div>\n\t\t\t\t\t<\/div>\n\t\t<\/div>\n\t\t\t\t\t<\/div>\n\t\t<\/section>\n\t\t\t\t<section class=\"elementor-section elementor-top-section elementor-element elementor-element-2aaeee01 elementor-section-boxed elementor-section-height-default elementor-section-height-default\" data-id=\"2aaeee01\" data-element_type=\"section\" data-e-type=\"section\">\n\t\t\t\t\t\t<div class=\"elementor-container elementor-column-gap-default\">\n\t\t\t\t\t<div class=\"elementor-column elementor-col-50 elementor-top-column elementor-element elementor-element-24cc581f\" data-id=\"24cc581f\" data-element_type=\"column\" data-e-type=\"column\">\n\t\t\t<div class=\"elementor-widget-wrap elementor-element-populated\">\n\t\t\t\t\t\t<div class=\"elementor-element elementor-element-f1c17d0 elementor-widget elementor-widget-heading\" data-id=\"f1c17d0\" data-element_type=\"widget\" data-e-type=\"widget\" data-widget_type=\"heading.default\">\n\t\t\t\t<div class=\"elementor-widget-container\">\n\t\t\t\t\t<h3 class=\"elementor-heading-title elementor-size-default\">... em Portugal<\/h3>\t\t\t\t<\/div>\n\t\t\t\t<\/div>\n\t\t\t\t<div class=\"elementor-element elementor-element-6950b329 elementor-widget elementor-widget-text-editor\" data-id=\"6950b329\" data-element_type=\"widget\" data-e-type=\"widget\" data-widget_type=\"text-editor.default\">\n\t\t\t\t<div class=\"elementor-widget-container\">\n\t\t\t\t\t\t\t\t\t<p><strong>Nome: <\/strong>Marcovil &#8211; Metalomec\u00e2nica de Viseu, S.A.<\/p><p><strong>Localiza\u00e7\u00e3o: <\/strong>Parque Industrial Coimbr\u00f5es, 3500-618 Viseu<\/p><p><strong style=\"font-family: var( --e-global-typography-text-font-family ), Sans-serif;\">Setor: <\/strong>Equipamentos e Produtos Industriais - M\u00e1quinas e Equipamentos para a Ind\u00fastria Transformadora<\/p>\t\t\t\t\t\t\t\t<\/div>\n\t\t\t\t<\/div>\n\t\t\t\t\t<\/div>\n\t\t<\/div>\n\t\t\t\t<div class=\"elementor-column elementor-col-50 elementor-top-column elementor-element elementor-element-17641382\" data-id=\"17641382\" data-element_type=\"column\" data-e-type=\"column\">\n\t\t\t<div class=\"elementor-widget-wrap elementor-element-populated\">\n\t\t\t\t\t\t<div class=\"elementor-element elementor-element-3228b3bf elementor-widget elementor-widget-heading\" data-id=\"3228b3bf\" data-element_type=\"widget\" data-e-type=\"widget\" data-widget_type=\"heading.default\">\n\t\t\t\t<div class=\"elementor-widget-container\">\n\t\t\t\t\t<h3 class=\"elementor-heading-title elementor-size-default\">... na Alemanha<\/h3>\t\t\t\t<\/div>\n\t\t\t\t<\/div>\n\t\t\t\t<div class=\"elementor-element elementor-element-59bba042 elementor-widget elementor-widget-text-editor\" data-id=\"59bba042\" data-element_type=\"widget\" data-e-type=\"widget\" data-widget_type=\"text-editor.default\">\n\t\t\t\t<div class=\"elementor-widget-container\">\n\t\t\t\t\t\t\t\t\t<p><strong>Nome: <\/strong>Neue St\u00f6lting Maschinenfabrik GmbH<\/p><p><strong>Localiza\u00e7\u00e3o: <\/strong>Helleforthstr. 49-51, 33758 Schloss Holte-Stukenbrock<\/p><p><strong>Setor: <\/strong>Equipamentos e Produtos Industriais - M\u00e1quinas e Equipamentos para a Ind\u00fastria Transformadora<\/p>\t\t\t\t\t\t\t\t<\/div>\n\t\t\t\t<\/div>\n\t\t\t\t\t<\/div>\n\t\t<\/div>\n\t\t\t\t\t<\/div>\n\t\t<\/section>\n\t\t\t\t<section class=\"elementor-section elementor-top-section elementor-element elementor-element-113a1a95 elementor-section-boxed elementor-section-height-default elementor-section-height-default\" data-id=\"113a1a95\" data-element_type=\"section\" data-e-type=\"section\">\n\t\t\t\t\t\t<div class=\"elementor-container elementor-column-gap-default\">\n\t\t\t\t\t<div class=\"elementor-column elementor-col-50 elementor-top-column elementor-element elementor-element-68fea46b\" data-id=\"68fea46b\" data-element_type=\"column\" data-e-type=\"column\">\n\t\t\t<div class=\"elementor-widget-wrap elementor-element-populated\">\n\t\t\t\t\t\t<div class=\"elementor-element elementor-element-6d502bdf elementor-align-left elementor-widget elementor-widget-button\" data-id=\"6d502bdf\" data-element_type=\"widget\" data-e-type=\"widget\" data-widget_type=\"button.default\">\n\t\t\t\t<div class=\"elementor-widget-container\">\n\t\t\t\t\t\t\t\t\t<div class=\"elementor-button-wrapper\">\n\t\t\t\t\t<a class=\"elementor-button elementor-button-link elementor-size-sm\" href=\"http:\/\/www.marcovil.com\" target=\"_blank\">\n\t\t\t\t\t\t<span class=\"elementor-button-content-wrapper\">\n\t\t\t\t\t\t\t\t\t<span class=\"elementor-button-text\">Website<\/span>\n\t\t\t\t\t<\/span>\n\t\t\t\t\t<\/a>\n\t\t\t\t<\/div>\n\t\t\t\t\t\t\t\t<\/div>\n\t\t\t\t<\/div>\n\t\t\t\t\t<\/div>\n\t\t<\/div>\n\t\t\t\t<div class=\"elementor-column elementor-col-50 elementor-top-column elementor-element elementor-element-5996a082\" data-id=\"5996a082\" data-element_type=\"column\" data-e-type=\"column\">\n\t\t\t<div class=\"elementor-widget-wrap elementor-element-populated\">\n\t\t\t\t\t\t<div class=\"elementor-element elementor-element-410eda0d elementor-align-left elementor-widget elementor-widget-button\" data-id=\"410eda0d\" data-element_type=\"widget\" data-e-type=\"widget\" data-widget_type=\"button.default\">\n\t\t\t\t<div class=\"elementor-widget-container\">\n\t\t\t\t\t\t\t\t\t<div class=\"elementor-button-wrapper\">\n\t\t\t\t\t<a class=\"elementor-button elementor-button-link elementor-size-sm\" href=\"http:\/\/www.neue-stoelting.com\/\" target=\"_blank\">\n\t\t\t\t\t\t<span class=\"elementor-button-content-wrapper\">\n\t\t\t\t\t\t\t\t\t<span class=\"elementor-button-text\">Website<\/span>\n\t\t\t\t\t<\/span>\n\t\t\t\t\t<\/a>\n\t\t\t\t<\/div>\n\t\t\t\t\t\t\t\t<\/div>\n\t\t\t\t<\/div>\n\t\t\t\t\t<\/div>\n\t\t<\/div>\n\t\t\t\t\t<\/div>\n\t\t<\/section>\n\t\t\t\t<\/div>","protected":false},"excerpt":{"rendered":"<p>&#8230; in Portugal Name: Marcovil &#8211; Metalomec\u00e2nica de Viseu, S.A. Standort: Parque Industrial Coimbr\u00f5es, 3500-618 Viseu Branche: Industrielle Ger\u00e4te und Produkte &#8211; Maschinen und Anlagen f\u00fcr die verarbeitende Industrie &#8230; in Deutschland Name: Neue St\u00f6lting Maschinenfabrik GmbH Standort: Helleforthstr. 49-51, 33758 Schloss Holte-Stukenbrock Branche: Industrielle Ger\u00e4te und Produkte &#8211; Maschinen und Anlagen f\u00fcr die verarbeitende &hellip; <\/p>\n<p class=\"link-more\"><a href=\"http:\/\/duesseldorf.portugal.de\/pt\/portugal-in-duesseldorf\/investionen\/neue-stoelting-maschinenfabrik-2\/\" class=\"more-link\">Read more<span class=\"screen-reader-text\"> &#8222;Neue St\u00f6lting Maschinenfabrik&#8220;<\/span><\/a><\/p>","protected":false},"author":2,"featured_media":0,"parent":101,"menu_order":0,"comment_status":"closed","ping_status":"closed","template":"","meta":{"inspiro_hide_title":false,"footnotes":""},"class_list":["post-824","page","type-page","status-publish","hentry"],"_links":{"self":[{"href":"http:\/\/duesseldorf.portugal.de\/pt\/wp-json\/wp\/v2\/pages\/824","targetHints":{"allow":["GET"]}}],"collection":[{"href":"http:\/\/duesseldorf.portugal.de\/pt\/wp-json\/wp\/v2\/pages"}],"about":[{"href":"http:\/\/duesseldorf.portugal.de\/pt\/wp-json\/wp\/v2\/types\/page"}],"author":[{"embeddable":true,"href":"http:\/\/duesseldorf.portugal.de\/pt\/wp-json\/wp\/v2\/users\/2"}],"replies":[{"embeddable":true,"href":"http:\/\/duesseldorf.portugal.de\/pt\/wp-json\/wp\/v2\/comments?post=824"}],"version-history":[{"count":8,"href":"http:\/\/duesseldorf.portugal.de\/pt\/wp-json\/wp\/v2\/pages\/824\/revisions"}],"predecessor-version":[{"id":1187,"href":"http:\/\/duesseldorf.portugal.de\/pt\/wp-json\/wp\/v2\/pages\/824\/revisions\/1187"}],"up":[{"embeddable":true,"href":"http:\/\/duesseldorf.portugal.de\/pt\/wp-json\/wp\/v2\/pages\/101"}],"wp:attachment":[{"href":"http:\/\/duesseldorf.portugal.de\/pt\/wp-json\/wp\/v2\/media?parent=824"}],"curies":[{"name":"wp","href":"https:\/\/api.w.org\/{rel}","templated":true}]}}