{"id":825,"date":"2023-08-29T10:47:54","date_gmt":"2023-08-29T10:47:54","guid":{"rendered":"http:\/\/duesseldorf.portugal.de\/?page_id=825"},"modified":"2023-09-04T10:52:06","modified_gmt":"2023-09-04T10:52:06","slug":"prozis-services-2","status":"publish","type":"page","link":"http:\/\/duesseldorf.portugal.de\/pt\/portugal-in-duesseldorf\/investionen\/prozis-services-2\/","title":{"rendered":"Prozis Services"},"content":{"rendered":"<div data-elementor-type=\"wp-page\" data-elementor-id=\"825\" class=\"elementor elementor-825\">\n\t\t\t\t\t\t<section class=\"elementor-section elementor-top-section elementor-element elementor-element-230779a8 elementor-section-boxed elementor-section-height-default elementor-section-height-default\" data-id=\"230779a8\" data-element_type=\"section\" data-e-type=\"section\">\n\t\t\t\t\t\t<div class=\"elementor-container elementor-column-gap-default\">\n\t\t\t\t\t<div class=\"elementor-column elementor-col-100 elementor-top-column elementor-element elementor-element-5613e32\" data-id=\"5613e32\" data-element_type=\"column\" data-e-type=\"column\">\n\t\t\t<div class=\"elementor-widget-wrap elementor-element-populated\">\n\t\t\t\t\t\t<div class=\"elementor-element elementor-element-460d0cbb elementor-widget elementor-widget-image\" data-id=\"460d0cbb\" data-element_type=\"widget\" data-e-type=\"widget\" data-widget_type=\"image.default\">\n\t\t\t\t<div class=\"elementor-widget-container\">\n\t\t\t\t\t\t\t\t\t\t\t\t\t\t\t\t<a href=\"http:\/\/www.bree.com\">\n\t\t\t\t\t\t\t<img fetchpriority=\"high\" decoding=\"async\" width=\"300\" height=\"300\" src=\"http:\/\/duesseldorf.portugal.de\/wp-content\/uploads\/2023\/08\/Prozis-Services-300x300.png\" class=\"attachment-medium size-medium wp-image-804\" alt=\"\" srcset=\"http:\/\/duesseldorf.portugal.de\/wp-content\/uploads\/2023\/08\/Prozis-Services-300x300.png 300w, http:\/\/duesseldorf.portugal.de\/wp-content\/uploads\/2023\/08\/Prozis-Services-1024x1024.png 1024w, http:\/\/duesseldorf.portugal.de\/wp-content\/uploads\/2023\/08\/Prozis-Services-e1693305870786-150x150.png 150w, http:\/\/duesseldorf.portugal.de\/wp-content\/uploads\/2023\/08\/Prozis-Services-768x768.png 768w, http:\/\/duesseldorf.portugal.de\/wp-content\/uploads\/2023\/08\/Prozis-Services-1536x1536.png 1536w, http:\/\/duesseldorf.portugal.de\/wp-content\/uploads\/2023\/08\/Prozis-Services-2048x2048.png 2048w, http:\/\/duesseldorf.portugal.de\/wp-content\/uploads\/2023\/08\/Prozis-Services-e1693305870786-12x12.png 12w, http:\/\/duesseldorf.portugal.de\/wp-content\/uploads\/2023\/08\/Prozis-Services-2000x2000.png 2000w, http:\/\/duesseldorf.portugal.de\/wp-content\/uploads\/2023\/08\/Prozis-Services-e1693305870786.png 275w\" sizes=\"100vw\" \/>\t\t\t\t\t\t\t\t<\/a>\n\t\t\t\t\t\t\t\t\t\t\t\t\t\t\t<\/div>\n\t\t\t\t<\/div>\n\t\t\t\t\t<\/div>\n\t\t<\/div>\n\t\t\t\t\t<\/div>\n\t\t<\/section>\n\t\t\t\t<section class=\"elementor-section elementor-top-section elementor-element elementor-element-486dc2e0 elementor-section-boxed elementor-section-height-default elementor-section-height-default\" data-id=\"486dc2e0\" data-element_type=\"section\" data-e-type=\"section\">\n\t\t\t\t\t\t<div class=\"elementor-container elementor-column-gap-default\">\n\t\t\t\t\t<div class=\"elementor-column elementor-col-50 elementor-top-column elementor-element elementor-element-34ddd982\" data-id=\"34ddd982\" data-element_type=\"column\" data-e-type=\"column\">\n\t\t\t<div class=\"elementor-widget-wrap elementor-element-populated\">\n\t\t\t\t\t\t<div class=\"elementor-element elementor-element-17d3f3b9 elementor-widget elementor-widget-heading\" data-id=\"17d3f3b9\" data-element_type=\"widget\" data-e-type=\"widget\" data-widget_type=\"heading.default\">\n\t\t\t\t<div class=\"elementor-widget-container\">\n\t\t\t\t\t<h3 class=\"elementor-heading-title elementor-size-default\">... em Portugal<\/h3>\t\t\t\t<\/div>\n\t\t\t\t<\/div>\n\t\t\t\t<div class=\"elementor-element elementor-element-54678f66 elementor-widget elementor-widget-text-editor\" data-id=\"54678f66\" data-element_type=\"widget\" data-e-type=\"widget\" data-widget_type=\"text-editor.default\">\n\t\t\t\t<div class=\"elementor-widget-container\">\n\t\t\t\t\t\t\t\t\t<p><strong>Nome: <\/strong>Prozis.com, S.A.<\/p><p><strong>Localiza\u00e7\u00e3o: <\/strong>Zona Franca Industrial, 9200-047 Cani\u00e7al<\/p><p><strong style=\"font-family: var( --e-global-typography-text-font-family ), Sans-serif;\">Setor:<\/strong>Servi\u00e7os e Distribui\u00e7\u00e3o - Distribui\u00e7\u00e3o<strong style=\"font-family: var( --e-global-typography-text-font-family ), Sans-serif;\"><br \/><\/strong><\/p>\t\t\t\t\t\t\t\t<\/div>\n\t\t\t\t<\/div>\n\t\t\t\t\t<\/div>\n\t\t<\/div>\n\t\t\t\t<div class=\"elementor-column elementor-col-50 elementor-top-column elementor-element elementor-element-697d0647\" data-id=\"697d0647\" data-element_type=\"column\" data-e-type=\"column\">\n\t\t\t<div class=\"elementor-widget-wrap elementor-element-populated\">\n\t\t\t\t\t\t<div class=\"elementor-element elementor-element-7603fe58 elementor-widget elementor-widget-heading\" data-id=\"7603fe58\" data-element_type=\"widget\" data-e-type=\"widget\" data-widget_type=\"heading.default\">\n\t\t\t\t<div class=\"elementor-widget-container\">\n\t\t\t\t\t<h3 class=\"elementor-heading-title elementor-size-default\">... na Alemanha<\/h3>\t\t\t\t<\/div>\n\t\t\t\t<\/div>\n\t\t\t\t<div class=\"elementor-element elementor-element-1b70b1 elementor-widget elementor-widget-text-editor\" data-id=\"1b70b1\" data-element_type=\"widget\" data-e-type=\"widget\" data-widget_type=\"text-editor.default\">\n\t\t\t\t<div class=\"elementor-widget-container\">\n\t\t\t\t\t\t\t\t\t<p><strong>Nome: <\/strong>Prozis Services GmbH<\/p><p><strong>Localiza\u00e7\u00e3o: <\/strong>Hammer Landstr. 1A, 41460 Neuss<\/p><p><strong>Setor: <\/strong>Servi\u00e7os e Distribui\u00e7\u00e3o - Distribui\u00e7\u00e3o<\/p>\t\t\t\t\t\t\t\t<\/div>\n\t\t\t\t<\/div>\n\t\t\t\t\t<\/div>\n\t\t<\/div>\n\t\t\t\t\t<\/div>\n\t\t<\/section>\n\t\t\t\t<section class=\"elementor-section elementor-top-section elementor-element elementor-element-38d340ae elementor-section-boxed elementor-section-height-default elementor-section-height-default\" data-id=\"38d340ae\" data-element_type=\"section\" data-e-type=\"section\">\n\t\t\t\t\t\t<div class=\"elementor-container elementor-column-gap-default\">\n\t\t\t\t\t<div class=\"elementor-column elementor-col-50 elementor-top-column elementor-element elementor-element-6fb1f1f8\" data-id=\"6fb1f1f8\" data-element_type=\"column\" data-e-type=\"column\">\n\t\t\t<div class=\"elementor-widget-wrap elementor-element-populated\">\n\t\t\t\t\t\t<div class=\"elementor-element elementor-element-10f4d42f elementor-align-left elementor-widget elementor-widget-button\" data-id=\"10f4d42f\" data-element_type=\"widget\" data-e-type=\"widget\" data-widget_type=\"button.default\">\n\t\t\t\t<div class=\"elementor-widget-container\">\n\t\t\t\t\t\t\t\t\t<div class=\"elementor-button-wrapper\">\n\t\t\t\t\t<a class=\"elementor-button elementor-button-link elementor-size-sm\" href=\"http:\/\/www.prozis.com\" target=\"_blank\">\n\t\t\t\t\t\t<span class=\"elementor-button-content-wrapper\">\n\t\t\t\t\t\t\t\t\t<span class=\"elementor-button-text\">Website<\/span>\n\t\t\t\t\t<\/span>\n\t\t\t\t\t<\/a>\n\t\t\t\t<\/div>\n\t\t\t\t\t\t\t\t<\/div>\n\t\t\t\t<\/div>\n\t\t\t\t\t<\/div>\n\t\t<\/div>\n\t\t\t\t<div class=\"elementor-column elementor-col-50 elementor-top-column elementor-element elementor-element-4f88a37f\" data-id=\"4f88a37f\" data-element_type=\"column\" data-e-type=\"column\">\n\t\t\t<div class=\"elementor-widget-wrap elementor-element-populated\">\n\t\t\t\t\t\t<div class=\"elementor-element elementor-element-19cbe1d4 elementor-align-left elementor-widget elementor-widget-button\" data-id=\"19cbe1d4\" data-element_type=\"widget\" data-e-type=\"widget\" data-widget_type=\"button.default\">\n\t\t\t\t<div class=\"elementor-widget-container\">\n\t\t\t\t\t\t\t\t\t<div class=\"elementor-button-wrapper\">\n\t\t\t\t\t<a class=\"elementor-button elementor-button-link elementor-size-sm\" href=\"http:\/\/www.prozis.com\" target=\"_blank\">\n\t\t\t\t\t\t<span class=\"elementor-button-content-wrapper\">\n\t\t\t\t\t\t\t\t\t<span class=\"elementor-button-text\">Website<\/span>\n\t\t\t\t\t<\/span>\n\t\t\t\t\t<\/a>\n\t\t\t\t<\/div>\n\t\t\t\t\t\t\t\t<\/div>\n\t\t\t\t<\/div>\n\t\t\t\t\t<\/div>\n\t\t<\/div>\n\t\t\t\t\t<\/div>\n\t\t<\/section>\n\t\t\t\t<\/div>","protected":false},"excerpt":{"rendered":"<p>&#8230; in Portugal Name: Prozis.com, S.A. Standort: Zona Franca Industrial, 9200-047 Cani\u00e7al Branche:Dienstleistungen und Vertrieb &#8211; Vertrieb &#8230; in Deutschland Name: Prozis Services GmbH Standort: Hammer Landstr. 1A, 41460 Neuss Branche: Dienstleistungen und Vertrieb &#8211; Vertrieb Website Website<\/p>","protected":false},"author":2,"featured_media":0,"parent":101,"menu_order":0,"comment_status":"closed","ping_status":"closed","template":"","meta":{"inspiro_hide_title":false,"footnotes":""},"class_list":["post-825","page","type-page","status-publish","hentry"],"_links":{"self":[{"href":"http:\/\/duesseldorf.portugal.de\/pt\/wp-json\/wp\/v2\/pages\/825","targetHints":{"allow":["GET"]}}],"collection":[{"href":"http:\/\/duesseldorf.portugal.de\/pt\/wp-json\/wp\/v2\/pages"}],"about":[{"href":"http:\/\/duesseldorf.portugal.de\/pt\/wp-json\/wp\/v2\/types\/page"}],"author":[{"embeddable":true,"href":"http:\/\/duesseldorf.portugal.de\/pt\/wp-json\/wp\/v2\/users\/2"}],"replies":[{"embeddable":true,"href":"http:\/\/duesseldorf.portugal.de\/pt\/wp-json\/wp\/v2\/comments?post=825"}],"version-history":[{"count":8,"href":"http:\/\/duesseldorf.portugal.de\/pt\/wp-json\/wp\/v2\/pages\/825\/revisions"}],"predecessor-version":[{"id":1190,"href":"http:\/\/duesseldorf.portugal.de\/pt\/wp-json\/wp\/v2\/pages\/825\/revisions\/1190"}],"up":[{"embeddable":true,"href":"http:\/\/duesseldorf.portugal.de\/pt\/wp-json\/wp\/v2\/pages\/101"}],"wp:attachment":[{"href":"http:\/\/duesseldorf.portugal.de\/pt\/wp-json\/wp\/v2\/media?parent=825"}],"curies":[{"name":"wp","href":"https:\/\/api.w.org\/{rel}","templated":true}]}}