{"id":826,"date":"2023-08-29T10:47:57","date_gmt":"2023-08-29T10:47:57","guid":{"rendered":"http:\/\/duesseldorf.portugal.de\/?page_id=826"},"modified":"2023-09-04T10:53:04","modified_gmt":"2023-09-04T10:53:04","slug":"sodecia-automotive-europe-2","status":"publish","type":"page","link":"http:\/\/duesseldorf.portugal.de\/pt\/portugal-in-duesseldorf\/investionen\/sodecia-automotive-europe-2\/","title":{"rendered":"Sodecia Automotive Europe"},"content":{"rendered":"<div data-elementor-type=\"wp-page\" data-elementor-id=\"826\" class=\"elementor elementor-826\">\n\t\t\t\t\t\t<section class=\"elementor-section elementor-top-section elementor-element elementor-element-14aeff9 elementor-section-boxed elementor-section-height-default elementor-section-height-default\" data-id=\"14aeff9\" data-element_type=\"section\" data-e-type=\"section\">\n\t\t\t\t\t\t<div class=\"elementor-container elementor-column-gap-default\">\n\t\t\t\t\t<div class=\"elementor-column elementor-col-100 elementor-top-column elementor-element elementor-element-1a362ad6\" data-id=\"1a362ad6\" data-element_type=\"column\" data-e-type=\"column\">\n\t\t\t<div class=\"elementor-widget-wrap elementor-element-populated\">\n\t\t\t\t\t\t<div class=\"elementor-element elementor-element-3f1375eb elementor-widget elementor-widget-image\" data-id=\"3f1375eb\" data-element_type=\"widget\" data-e-type=\"widget\" data-widget_type=\"image.default\">\n\t\t\t\t<div class=\"elementor-widget-container\">\n\t\t\t\t\t\t\t\t\t\t\t\t\t\t\t\t<a href=\"http:\/\/www.bree.com\">\n\t\t\t\t\t\t\t<img fetchpriority=\"high\" decoding=\"async\" width=\"300\" height=\"300\" src=\"http:\/\/duesseldorf.portugal.de\/wp-content\/uploads\/2023\/08\/Sodecia-Automotive-Europe-e1693305267593-300x300.jpg\" class=\"attachment-medium size-medium wp-image-792\" alt=\"\" sizes=\"100vw\" \/>\t\t\t\t\t\t\t\t<\/a>\n\t\t\t\t\t\t\t\t\t\t\t\t\t\t\t<\/div>\n\t\t\t\t<\/div>\n\t\t\t\t\t<\/div>\n\t\t<\/div>\n\t\t\t\t\t<\/div>\n\t\t<\/section>\n\t\t\t\t<section class=\"elementor-section elementor-top-section elementor-element elementor-element-24cc8d8 elementor-section-boxed elementor-section-height-default elementor-section-height-default\" data-id=\"24cc8d8\" data-element_type=\"section\" data-e-type=\"section\">\n\t\t\t\t\t\t<div class=\"elementor-container elementor-column-gap-default\">\n\t\t\t\t\t<div class=\"elementor-column elementor-col-50 elementor-top-column elementor-element elementor-element-682d6fac\" data-id=\"682d6fac\" data-element_type=\"column\" data-e-type=\"column\">\n\t\t\t<div class=\"elementor-widget-wrap elementor-element-populated\">\n\t\t\t\t\t\t<div class=\"elementor-element elementor-element-7868413f elementor-widget elementor-widget-heading\" data-id=\"7868413f\" data-element_type=\"widget\" data-e-type=\"widget\" data-widget_type=\"heading.default\">\n\t\t\t\t<div class=\"elementor-widget-container\">\n\t\t\t\t\t<h3 class=\"elementor-heading-title elementor-size-default\">... em Portugal<\/h3>\t\t\t\t<\/div>\n\t\t\t\t<\/div>\n\t\t\t\t<div class=\"elementor-element elementor-element-4f835410 elementor-widget elementor-widget-text-editor\" data-id=\"4f835410\" data-element_type=\"widget\" data-e-type=\"widget\" data-widget_type=\"text-editor.default\">\n\t\t\t\t<div class=\"elementor-widget-container\">\n\t\t\t\t\t\t\t\t\t<p><strong>Nome: <\/strong>Sodecia &#8211; Participa\u00e7\u00f5es Sociais, SGPS, S.A.<\/p><p><strong>Localiza\u00e7\u00e3o: <\/strong>Rua do Espido 164-F, Edif\u00edcio Via Norte<\/p><p><strong style=\"font-family: var( --e-global-typography-text-font-family ), Sans-serif;\">Setor: <\/strong>Ve\u00edculos e Componentes - Componentes para a Ind\u00fastria Autom\u00f3vel<\/p>\t\t\t\t\t\t\t\t<\/div>\n\t\t\t\t<\/div>\n\t\t\t\t\t<\/div>\n\t\t<\/div>\n\t\t\t\t<div class=\"elementor-column elementor-col-50 elementor-top-column elementor-element elementor-element-63d80250\" data-id=\"63d80250\" data-element_type=\"column\" data-e-type=\"column\">\n\t\t\t<div class=\"elementor-widget-wrap elementor-element-populated\">\n\t\t\t\t\t\t<div class=\"elementor-element elementor-element-732732a2 elementor-widget elementor-widget-heading\" data-id=\"732732a2\" data-element_type=\"widget\" data-e-type=\"widget\" data-widget_type=\"heading.default\">\n\t\t\t\t<div class=\"elementor-widget-container\">\n\t\t\t\t\t<h3 class=\"elementor-heading-title elementor-size-default\">... na Alemanha<\/h3>\t\t\t\t<\/div>\n\t\t\t\t<\/div>\n\t\t\t\t<div class=\"elementor-element elementor-element-248edde9 elementor-widget elementor-widget-text-editor\" data-id=\"248edde9\" data-element_type=\"widget\" data-e-type=\"widget\" data-widget_type=\"text-editor.default\">\n\t\t\t\t<div class=\"elementor-widget-container\">\n\t\t\t\t\t\t\t\t\t<p><strong>Nome: <\/strong>Sodecia Automotive Europe GmbH<\/p><p><strong>Localiza\u00e7\u00e3o: <\/strong>Albert Kemmerich Stra\u00dfe 1- 3, 57439 Attendorn<\/p><p><strong>Setor: <\/strong>Ve\u00edculos e Componentes - Componentes para a Ind\u00fastria Autom\u00f3vel<\/p>\t\t\t\t\t\t\t\t<\/div>\n\t\t\t\t<\/div>\n\t\t\t\t\t<\/div>\n\t\t<\/div>\n\t\t\t\t\t<\/div>\n\t\t<\/section>\n\t\t\t\t<section class=\"elementor-section elementor-top-section elementor-element elementor-element-143a53e4 elementor-section-boxed elementor-section-height-default elementor-section-height-default\" data-id=\"143a53e4\" data-element_type=\"section\" data-e-type=\"section\">\n\t\t\t\t\t\t<div class=\"elementor-container elementor-column-gap-default\">\n\t\t\t\t\t<div class=\"elementor-column elementor-col-50 elementor-top-column elementor-element elementor-element-56bbeb21\" data-id=\"56bbeb21\" data-element_type=\"column\" data-e-type=\"column\">\n\t\t\t<div class=\"elementor-widget-wrap elementor-element-populated\">\n\t\t\t\t\t\t<div class=\"elementor-element elementor-element-7f455839 elementor-align-left elementor-widget elementor-widget-button\" data-id=\"7f455839\" data-element_type=\"widget\" data-e-type=\"widget\" data-widget_type=\"button.default\">\n\t\t\t\t<div class=\"elementor-widget-container\">\n\t\t\t\t\t\t\t\t\t<div class=\"elementor-button-wrapper\">\n\t\t\t\t\t<a class=\"elementor-button elementor-button-link elementor-size-sm\" href=\"http:\/\/www.sodecia.com\" target=\"_blank\">\n\t\t\t\t\t\t<span class=\"elementor-button-content-wrapper\">\n\t\t\t\t\t\t\t\t\t<span class=\"elementor-button-text\">Website<\/span>\n\t\t\t\t\t<\/span>\n\t\t\t\t\t<\/a>\n\t\t\t\t<\/div>\n\t\t\t\t\t\t\t\t<\/div>\n\t\t\t\t<\/div>\n\t\t\t\t\t<\/div>\n\t\t<\/div>\n\t\t\t\t<div class=\"elementor-column elementor-col-50 elementor-top-column elementor-element elementor-element-14caa3d4\" data-id=\"14caa3d4\" data-element_type=\"column\" data-e-type=\"column\">\n\t\t\t<div class=\"elementor-widget-wrap elementor-element-populated\">\n\t\t\t\t\t\t<div class=\"elementor-element elementor-element-145baa57 elementor-align-left elementor-widget elementor-widget-button\" data-id=\"145baa57\" data-element_type=\"widget\" data-e-type=\"widget\" data-widget_type=\"button.default\">\n\t\t\t\t<div class=\"elementor-widget-container\">\n\t\t\t\t\t\t\t\t\t<div class=\"elementor-button-wrapper\">\n\t\t\t\t\t<a class=\"elementor-button elementor-button-link elementor-size-sm\" href=\"http:\/\/www.sodecia.com\" target=\"_blank\">\n\t\t\t\t\t\t<span class=\"elementor-button-content-wrapper\">\n\t\t\t\t\t\t\t\t\t<span class=\"elementor-button-text\">Website<\/span>\n\t\t\t\t\t<\/span>\n\t\t\t\t\t<\/a>\n\t\t\t\t<\/div>\n\t\t\t\t\t\t\t\t<\/div>\n\t\t\t\t<\/div>\n\t\t\t\t\t<\/div>\n\t\t<\/div>\n\t\t\t\t\t<\/div>\n\t\t<\/section>\n\t\t\t\t<\/div>","protected":false},"excerpt":{"rendered":"<p>&#8230; in Portugal Name: Sodecia &#8211; Participa\u00e7\u00f5es Sociais, SGPS, S.A. Standort: Rua do Espido 164-F, Edif\u00edcio Via Norte Branche: Fahrzeuge und Komponenten &#8211; Komponenten f\u00fcr die Automobilindustrie &#8230; in Deutschland Name: Sodecia Automotive Europe GmbH Standort: Albert Kemmerich Stra\u00dfe 1- 3, 57439 Attendorn Branche: Fahrzeuge und Komponenten &#8211; Komponenten f\u00fcr die Automobilindustrie Website Website<\/p>","protected":false},"author":2,"featured_media":0,"parent":101,"menu_order":0,"comment_status":"closed","ping_status":"closed","template":"","meta":{"inspiro_hide_title":false,"footnotes":""},"class_list":["post-826","page","type-page","status-publish","hentry"],"_links":{"self":[{"href":"http:\/\/duesseldorf.portugal.de\/pt\/wp-json\/wp\/v2\/pages\/826","targetHints":{"allow":["GET"]}}],"collection":[{"href":"http:\/\/duesseldorf.portugal.de\/pt\/wp-json\/wp\/v2\/pages"}],"about":[{"href":"http:\/\/duesseldorf.portugal.de\/pt\/wp-json\/wp\/v2\/types\/page"}],"author":[{"embeddable":true,"href":"http:\/\/duesseldorf.portugal.de\/pt\/wp-json\/wp\/v2\/users\/2"}],"replies":[{"embeddable":true,"href":"http:\/\/duesseldorf.portugal.de\/pt\/wp-json\/wp\/v2\/comments?post=826"}],"version-history":[{"count":8,"href":"http:\/\/duesseldorf.portugal.de\/pt\/wp-json\/wp\/v2\/pages\/826\/revisions"}],"predecessor-version":[{"id":1193,"href":"http:\/\/duesseldorf.portugal.de\/pt\/wp-json\/wp\/v2\/pages\/826\/revisions\/1193"}],"up":[{"embeddable":true,"href":"http:\/\/duesseldorf.portugal.de\/pt\/wp-json\/wp\/v2\/pages\/101"}],"wp:attachment":[{"href":"http:\/\/duesseldorf.portugal.de\/pt\/wp-json\/wp\/v2\/media?parent=826"}],"curies":[{"name":"wp","href":"https:\/\/api.w.org\/{rel}","templated":true}]}}