{"id":100,"date":"2023-08-22T09:58:53","date_gmt":"2023-08-22T09:58:53","guid":{"rendered":"http:\/\/duesseldorf.portugal.de\/?page_id=100"},"modified":"2024-01-15T15:56:39","modified_gmt":"2024-01-15T15:56:39","slug":"netzwerk","status":"publish","type":"page","link":"https:\/\/duesseldorf.portugal.de\/pt\/portugal-in-duesseldorf\/netzwerk\/","title":{"rendered":"Rede"},"content":{"rendered":"<div data-elementor-type=\"wp-page\" data-elementor-id=\"100\" class=\"elementor elementor-100\">\n\t\t\t\t\t\t<section class=\"elementor-section elementor-top-section elementor-element elementor-element-9f29cbc elementor-section-boxed elementor-section-height-default elementor-section-height-default\" data-id=\"9f29cbc\" data-element_type=\"section\" data-e-type=\"section\">\n\t\t\t\t\t\t<div class=\"elementor-container elementor-column-gap-default\">\n\t\t\t\t\t<div class=\"elementor-column elementor-col-100 elementor-top-column elementor-element elementor-element-f2b33db\" data-id=\"f2b33db\" data-element_type=\"column\" data-e-type=\"column\">\n\t\t\t<div class=\"elementor-widget-wrap elementor-element-populated\">\n\t\t\t\t\t\t<div class=\"elementor-element elementor-element-4686d041 elementor-widget elementor-widget-heading\" data-id=\"4686d041\" data-element_type=\"widget\" data-e-type=\"widget\" data-widget_type=\"heading.default\">\n\t\t\t\t<div class=\"elementor-widget-container\">\n\t\t\t\t\t<h1 class=\"elementor-heading-title elementor-size-default\">Rede<\/h1>\t\t\t\t<\/div>\n\t\t\t\t<\/div>\n\t\t\t\t\t<\/div>\n\t\t<\/div>\n\t\t\t\t\t<\/div>\n\t\t<\/section>\n\t\t\t\t<section class=\"elementor-section elementor-top-section elementor-element elementor-element-2b29ba82 elementor-section-boxed elementor-section-height-default elementor-section-height-default\" data-id=\"2b29ba82\" data-element_type=\"section\" data-e-type=\"section\">\n\t\t\t\t\t\t<div class=\"elementor-container elementor-column-gap-default\">\n\t\t\t\t\t<div class=\"elementor-column elementor-col-100 elementor-top-column elementor-element elementor-element-7c3e62cf\" data-id=\"7c3e62cf\" data-element_type=\"column\" data-e-type=\"column\">\n\t\t\t<div class=\"elementor-widget-wrap elementor-element-populated\">\n\t\t\t\t\t\t<div class=\"elementor-element elementor-element-65d9f8a elementor-widget elementor-widget-heading\" data-id=\"65d9f8a\" data-element_type=\"widget\" data-e-type=\"widget\" data-widget_type=\"heading.default\">\n\t\t\t\t<div class=\"elementor-widget-container\">\n\t\t\t\t\t<h3 class=\"elementor-heading-title elementor-size-default\">Institui\u00e7\u00f5es<\/h3>\t\t\t\t<\/div>\n\t\t\t\t<\/div>\n\t\t\t\t\t<\/div>\n\t\t<\/div>\n\t\t\t\t\t<\/div>\n\t\t<\/section>\n\t\t\t\t<section class=\"elementor-section elementor-top-section elementor-element elementor-element-7b3b94b elementor-section-boxed elementor-section-height-default elementor-section-height-default\" data-id=\"7b3b94b\" data-element_type=\"section\" data-e-type=\"section\">\n\t\t\t\t\t\t<div class=\"elementor-container elementor-column-gap-default\">\n\t\t\t\t\t<div class=\"elementor-column elementor-col-33 elementor-top-column elementor-element elementor-element-d361a40\" data-id=\"d361a40\" data-element_type=\"column\" data-e-type=\"column\">\n\t\t\t<div class=\"elementor-widget-wrap elementor-element-populated\">\n\t\t\t\t\t\t<div class=\"elementor-element elementor-element-a3e6aa5 elementor-widget elementor-widget-image\" data-id=\"a3e6aa5\" data-element_type=\"widget\" data-e-type=\"widget\" data-widget_type=\"image.default\">\n\t\t\t\t<div class=\"elementor-widget-container\">\n\t\t\t\t\t\t\t\t\t\t\t\t\t\t\t\t<a href=\"https:\/\/duesseldorf.portugal.de\/pt\/portugal-in-duesseldorf\/netzwerk\/dpih-deutsch-portugiesischer-industrie-und-handelsverband-e-v\/\">\n\t\t\t\t\t\t\t<img fetchpriority=\"high\" decoding=\"async\" width=\"225\" height=\"225\" src=\"https:\/\/duesseldorf.portugal.de\/wp-content\/uploads\/2024\/01\/transferir.png\" class=\"elementor-animation-grow attachment-large size-large wp-image-1288\" alt=\"\" srcset=\"https:\/\/duesseldorf.portugal.de\/wp-content\/uploads\/2024\/01\/transferir.png 225w, https:\/\/duesseldorf.portugal.de\/wp-content\/uploads\/2024\/01\/transferir-150x150.png 150w, https:\/\/duesseldorf.portugal.de\/wp-content\/uploads\/2024\/01\/transferir-12x12.png 12w\" sizes=\"100vw\" \/>\t\t\t\t\t\t\t\t<\/a>\n\t\t\t\t\t\t\t\t\t\t\t\t\t\t\t<\/div>\n\t\t\t\t<\/div>\n\t\t\t\t<div class=\"elementor-element elementor-element-688a463 elementor-widget elementor-widget-heading\" data-id=\"688a463\" data-element_type=\"widget\" data-e-type=\"widget\" data-widget_type=\"heading.default\">\n\t\t\t\t<div class=\"elementor-widget-container\">\n\t\t\t\t\t<h4 class=\"elementor-heading-title elementor-size-medium\">CCIPA - C\u00e2mara de Com\u00e9rcio e Ind\u00fastria Portuguesa na Alemanha<\/h4>\t\t\t\t<\/div>\n\t\t\t\t<\/div>\n\t\t\t\t\t<\/div>\n\t\t<\/div>\n\t\t\t\t<div class=\"elementor-column elementor-col-33 elementor-top-column elementor-element elementor-element-28dc881a\" data-id=\"28dc881a\" data-element_type=\"column\" data-e-type=\"column\">\n\t\t\t<div class=\"elementor-widget-wrap elementor-element-populated\">\n\t\t\t\t\t\t<div class=\"elementor-element elementor-element-3c1028ff elementor-widget elementor-widget-image\" data-id=\"3c1028ff\" data-element_type=\"widget\" data-e-type=\"widget\" data-widget_type=\"image.default\">\n\t\t\t\t<div class=\"elementor-widget-container\">\n\t\t\t\t\t\t\t\t\t\t\t\t\t\t\t\t<a href=\"http:\/\/duesseldorf.portugal.de\/pt\/portugal-in-duesseldorf\/netzwerk\/konsularabteilung\/\">\n\t\t\t\t\t\t\t<img decoding=\"async\" width=\"275\" height=\"275\" src=\"https:\/\/duesseldorf.portugal.de\/wp-content\/uploads\/2023\/08\/botschaft_von_portugal.png\" class=\"elementor-animation-grow attachment-large size-large wp-image-127\" alt=\"\" srcset=\"https:\/\/duesseldorf.portugal.de\/wp-content\/uploads\/2023\/08\/botschaft_von_portugal.png 275w, https:\/\/duesseldorf.portugal.de\/wp-content\/uploads\/2023\/08\/botschaft_von_portugal-150x150.png 150w, https:\/\/duesseldorf.portugal.de\/wp-content\/uploads\/2023\/08\/botschaft_von_portugal-12x12.png 12w\" sizes=\"100vw\" \/>\t\t\t\t\t\t\t\t<\/a>\n\t\t\t\t\t\t\t\t\t\t\t\t\t\t\t<\/div>\n\t\t\t\t<\/div>\n\t\t\t\t<div class=\"elementor-element elementor-element-6b394f41 elementor-widget elementor-widget-heading\" data-id=\"6b394f41\" data-element_type=\"widget\" data-e-type=\"widget\" data-widget_type=\"heading.default\">\n\t\t\t\t<div class=\"elementor-widget-container\">\n\t\t\t\t\t<h4 class=\"elementor-heading-title elementor-size-medium\">Sec\u00e7\u00e3o Consular<\/h4>\t\t\t\t<\/div>\n\t\t\t\t<\/div>\n\t\t\t\t\t<\/div>\n\t\t<\/div>\n\t\t\t\t<div class=\"elementor-column elementor-col-33 elementor-top-column elementor-element elementor-element-682613e1\" data-id=\"682613e1\" data-element_type=\"column\" data-e-type=\"column\">\n\t\t\t<div class=\"elementor-widget-wrap\">\n\t\t\t\t\t\t\t<\/div>\n\t\t<\/div>\n\t\t\t\t\t<\/div>\n\t\t<\/section>\n\t\t\t\t<\/div>","protected":false},"excerpt":{"rendered":"<p>Netzwerk Instituitionen DPIH \u2013 Deutsch-Portugiesischer Industrie- und Handelsverband e.V. Konsultarabteilung<\/p>","protected":false},"author":2,"featured_media":0,"parent":15,"menu_order":0,"comment_status":"closed","ping_status":"closed","template":"","meta":{"inspiro_hide_title":false,"footnotes":""},"class_list":["post-100","page","type-page","status-publish","hentry"],"_links":{"self":[{"href":"https:\/\/duesseldorf.portugal.de\/pt\/wp-json\/wp\/v2\/pages\/100","targetHints":{"allow":["GET"]}}],"collection":[{"href":"https:\/\/duesseldorf.portugal.de\/pt\/wp-json\/wp\/v2\/pages"}],"about":[{"href":"https:\/\/duesseldorf.portugal.de\/pt\/wp-json\/wp\/v2\/types\/page"}],"author":[{"embeddable":true,"href":"https:\/\/duesseldorf.portugal.de\/pt\/wp-json\/wp\/v2\/users\/2"}],"replies":[{"embeddable":true,"href":"https:\/\/duesseldorf.portugal.de\/pt\/wp-json\/wp\/v2\/comments?post=100"}],"version-history":[{"count":38,"href":"https:\/\/duesseldorf.portugal.de\/pt\/wp-json\/wp\/v2\/pages\/100\/revisions"}],"predecessor-version":[{"id":1294,"href":"https:\/\/duesseldorf.portugal.de\/pt\/wp-json\/wp\/v2\/pages\/100\/revisions\/1294"}],"up":[{"embeddable":true,"href":"https:\/\/duesseldorf.portugal.de\/pt\/wp-json\/wp\/v2\/pages\/15"}],"wp:attachment":[{"href":"https:\/\/duesseldorf.portugal.de\/pt\/wp-json\/wp\/v2\/media?parent=100"}],"curies":[{"name":"wp","href":"https:\/\/api.w.org\/{rel}","templated":true}]}}