{"id":827,"date":"2023-08-29T10:48:04","date_gmt":"2023-08-29T10:48:04","guid":{"rendered":"http:\/\/duesseldorf.portugal.de\/?page_id=827"},"modified":"2023-09-04T10:53:50","modified_gmt":"2023-09-04T10:53:50","slug":"sonae-sierra-deutschland-2","status":"publish","type":"page","link":"https:\/\/duesseldorf.portugal.de\/pt\/portugal-in-duesseldorf\/investionen\/sonae-sierra-deutschland-2\/","title":{"rendered":"Sonae Sierra Deutschland"},"content":{"rendered":"<div data-elementor-type=\"wp-page\" data-elementor-id=\"827\" class=\"elementor elementor-827\">\n\t\t\t\t\t\t<section class=\"elementor-section elementor-top-section elementor-element elementor-element-4d9f2df6 elementor-section-boxed elementor-section-height-default elementor-section-height-default\" data-id=\"4d9f2df6\" data-element_type=\"section\" data-e-type=\"section\">\n\t\t\t\t\t\t<div class=\"elementor-container elementor-column-gap-default\">\n\t\t\t\t\t<div class=\"elementor-column elementor-col-100 elementor-top-column elementor-element elementor-element-2f769ffb\" data-id=\"2f769ffb\" data-element_type=\"column\" data-e-type=\"column\">\n\t\t\t<div class=\"elementor-widget-wrap elementor-element-populated\">\n\t\t\t\t\t\t<div class=\"elementor-element elementor-element-3c5166f1 elementor-widget elementor-widget-image\" data-id=\"3c5166f1\" data-element_type=\"widget\" data-e-type=\"widget\" data-widget_type=\"image.default\">\n\t\t\t\t<div class=\"elementor-widget-container\">\n\t\t\t\t\t\t\t\t\t\t\t\t\t\t\t\t<a href=\"http:\/\/www.bree.com\">\n\t\t\t\t\t\t\t<img fetchpriority=\"high\" decoding=\"async\" width=\"300\" height=\"300\" src=\"https:\/\/duesseldorf.portugal.de\/wp-content\/uploads\/2023\/08\/Sonae-Sierra-Deutschland-300x300.jpg\" class=\"attachment-medium size-medium wp-image-803\" alt=\"\" srcset=\"https:\/\/duesseldorf.portugal.de\/wp-content\/uploads\/2023\/08\/Sonae-Sierra-Deutschland-300x300.jpg 300w, https:\/\/duesseldorf.portugal.de\/wp-content\/uploads\/2023\/08\/Sonae-Sierra-Deutschland-e1693305882221-150x150.jpg 150w, https:\/\/duesseldorf.portugal.de\/wp-content\/uploads\/2023\/08\/Sonae-Sierra-Deutschland-768x768.jpg 768w, https:\/\/duesseldorf.portugal.de\/wp-content\/uploads\/2023\/08\/Sonae-Sierra-Deutschland-e1693305882221-12x12.jpg 12w, https:\/\/duesseldorf.portugal.de\/wp-content\/uploads\/2023\/08\/Sonae-Sierra-Deutschland-e1693305882221.jpg 275w\" sizes=\"100vw\" \/>\t\t\t\t\t\t\t\t<\/a>\n\t\t\t\t\t\t\t\t\t\t\t\t\t\t\t<\/div>\n\t\t\t\t<\/div>\n\t\t\t\t\t<\/div>\n\t\t<\/div>\n\t\t\t\t\t<\/div>\n\t\t<\/section>\n\t\t\t\t<section class=\"elementor-section elementor-top-section elementor-element elementor-element-7da14ee2 elementor-section-boxed elementor-section-height-default elementor-section-height-default\" data-id=\"7da14ee2\" data-element_type=\"section\" data-e-type=\"section\">\n\t\t\t\t\t\t<div class=\"elementor-container elementor-column-gap-default\">\n\t\t\t\t\t<div class=\"elementor-column elementor-col-50 elementor-top-column elementor-element elementor-element-2aae6ec4\" data-id=\"2aae6ec4\" data-element_type=\"column\" data-e-type=\"column\">\n\t\t\t<div class=\"elementor-widget-wrap elementor-element-populated\">\n\t\t\t\t\t\t<div class=\"elementor-element elementor-element-45692e2d elementor-widget elementor-widget-heading\" data-id=\"45692e2d\" data-element_type=\"widget\" data-e-type=\"widget\" data-widget_type=\"heading.default\">\n\t\t\t\t<div class=\"elementor-widget-container\">\n\t\t\t\t\t<h3 class=\"elementor-heading-title elementor-size-default\">... em Portugal<\/h3>\t\t\t\t<\/div>\n\t\t\t\t<\/div>\n\t\t\t\t<div class=\"elementor-element elementor-element-3bdaa4ca elementor-widget elementor-widget-text-editor\" data-id=\"3bdaa4ca\" data-element_type=\"widget\" data-e-type=\"widget\" data-widget_type=\"text-editor.default\">\n\t\t\t\t<div class=\"elementor-widget-container\">\n\t\t\t\t\t\t\t\t\t<p><strong>Nome: <\/strong>Sierra Management Portugal &#8211; Gest\u00e3o de Centros Comerciais, S.A.<\/p><p><strong>Localiza\u00e7\u00e3o: <\/strong>Rua Am\u00edlcar Cabral 23 &#8211; Quinta do Lambert, 1769-012 Lisboa<\/p><p><strong style=\"font-family: var( --e-global-typography-text-font-family ), Sans-serif;\">Setor: <\/strong>Servi\u00e7os e Distribui\u00e7\u00e3o - Outros<\/p>\t\t\t\t\t\t\t\t<\/div>\n\t\t\t\t<\/div>\n\t\t\t\t\t<\/div>\n\t\t<\/div>\n\t\t\t\t<div class=\"elementor-column elementor-col-50 elementor-top-column elementor-element elementor-element-47d08f8b\" data-id=\"47d08f8b\" data-element_type=\"column\" data-e-type=\"column\">\n\t\t\t<div class=\"elementor-widget-wrap elementor-element-populated\">\n\t\t\t\t\t\t<div class=\"elementor-element elementor-element-2e30201f elementor-widget elementor-widget-heading\" data-id=\"2e30201f\" data-element_type=\"widget\" data-e-type=\"widget\" data-widget_type=\"heading.default\">\n\t\t\t\t<div class=\"elementor-widget-container\">\n\t\t\t\t\t<h3 class=\"elementor-heading-title elementor-size-default\">... na Alemanha<\/h3>\t\t\t\t<\/div>\n\t\t\t\t<\/div>\n\t\t\t\t<div class=\"elementor-element elementor-element-2d0e453 elementor-widget elementor-widget-text-editor\" data-id=\"2d0e453\" data-element_type=\"widget\" data-e-type=\"widget\" data-widget_type=\"text-editor.default\">\n\t\t\t\t<div class=\"elementor-widget-container\">\n\t\t\t\t\t\t\t\t\t<p><strong>Nome: <\/strong>Sonae Sierra Deutschland<\/p><p><strong>Localiza\u00e7\u00e3o: <\/strong>Harnborner Str. 53, 40472 D\u00fcsseldorf<\/p><p><strong>Setor: <\/strong>Servi\u00e7os e Distribui\u00e7\u00e3o - Imobili\u00e1rio<\/p>\t\t\t\t\t\t\t\t<\/div>\n\t\t\t\t<\/div>\n\t\t\t\t\t<\/div>\n\t\t<\/div>\n\t\t\t\t\t<\/div>\n\t\t<\/section>\n\t\t\t\t<section class=\"elementor-section elementor-top-section elementor-element elementor-element-ce96772 elementor-section-boxed elementor-section-height-default elementor-section-height-default\" data-id=\"ce96772\" data-element_type=\"section\" data-e-type=\"section\">\n\t\t\t\t\t\t<div class=\"elementor-container elementor-column-gap-default\">\n\t\t\t\t\t<div class=\"elementor-column elementor-col-50 elementor-top-column elementor-element elementor-element-7972853a\" data-id=\"7972853a\" data-element_type=\"column\" data-e-type=\"column\">\n\t\t\t<div class=\"elementor-widget-wrap elementor-element-populated\">\n\t\t\t\t\t\t<div class=\"elementor-element elementor-element-1a85dd60 elementor-align-left elementor-widget elementor-widget-button\" data-id=\"1a85dd60\" data-element_type=\"widget\" data-e-type=\"widget\" data-widget_type=\"button.default\">\n\t\t\t\t<div class=\"elementor-widget-container\">\n\t\t\t\t\t\t\t\t\t<div class=\"elementor-button-wrapper\">\n\t\t\t\t\t<a class=\"elementor-button elementor-button-link elementor-size-sm\" href=\"http:\/\/www.sonaesierra.com\" target=\"_blank\">\n\t\t\t\t\t\t<span class=\"elementor-button-content-wrapper\">\n\t\t\t\t\t\t\t\t\t<span class=\"elementor-button-text\">Website<\/span>\n\t\t\t\t\t<\/span>\n\t\t\t\t\t<\/a>\n\t\t\t\t<\/div>\n\t\t\t\t\t\t\t\t<\/div>\n\t\t\t\t<\/div>\n\t\t\t\t\t<\/div>\n\t\t<\/div>\n\t\t\t\t<div class=\"elementor-column elementor-col-50 elementor-top-column elementor-element elementor-element-50b8ca8a\" data-id=\"50b8ca8a\" data-element_type=\"column\" data-e-type=\"column\">\n\t\t\t<div class=\"elementor-widget-wrap elementor-element-populated\">\n\t\t\t\t\t\t<div class=\"elementor-element elementor-element-376bf643 elementor-align-left elementor-widget elementor-widget-button\" data-id=\"376bf643\" data-element_type=\"widget\" data-e-type=\"widget\" data-widget_type=\"button.default\">\n\t\t\t\t<div class=\"elementor-widget-container\">\n\t\t\t\t\t\t\t\t\t<div class=\"elementor-button-wrapper\">\n\t\t\t\t\t<a class=\"elementor-button elementor-button-link elementor-size-sm\" href=\"https:\/\/www.sonaesierra.com\/corporate\/de-de\/\" target=\"_blank\">\n\t\t\t\t\t\t<span class=\"elementor-button-content-wrapper\">\n\t\t\t\t\t\t\t\t\t<span class=\"elementor-button-text\">Website<\/span>\n\t\t\t\t\t<\/span>\n\t\t\t\t\t<\/a>\n\t\t\t\t<\/div>\n\t\t\t\t\t\t\t\t<\/div>\n\t\t\t\t<\/div>\n\t\t\t\t\t<\/div>\n\t\t<\/div>\n\t\t\t\t\t<\/div>\n\t\t<\/section>\n\t\t\t\t<\/div>","protected":false},"excerpt":{"rendered":"<p>&#8230; in Portugal Name: Sierra Management Portugal &#8211; Gest\u00e3o de Centros Comerciais, S.A. Standort: Rua Am\u00edlcar Cabral 23 &#8211; Quinta do Lambert, 1769-012 Lisboa Branche: Dienstleistungen und Vertrieb &#8211; Sonstiges &#8230; in Deutschland Name: Sonae Sierra Deutschland Standort: Harnborner Str. 53, 40472 D\u00fcsseldorf Branche: Dienstleistungen und Vertrieb &#8211; Liegenschaften Website Website<\/p>","protected":false},"author":2,"featured_media":0,"parent":101,"menu_order":0,"comment_status":"closed","ping_status":"closed","template":"","meta":{"inspiro_hide_title":false,"footnotes":""},"class_list":["post-827","page","type-page","status-publish","hentry"],"_links":{"self":[{"href":"https:\/\/duesseldorf.portugal.de\/pt\/wp-json\/wp\/v2\/pages\/827","targetHints":{"allow":["GET"]}}],"collection":[{"href":"https:\/\/duesseldorf.portugal.de\/pt\/wp-json\/wp\/v2\/pages"}],"about":[{"href":"https:\/\/duesseldorf.portugal.de\/pt\/wp-json\/wp\/v2\/types\/page"}],"author":[{"embeddable":true,"href":"https:\/\/duesseldorf.portugal.de\/pt\/wp-json\/wp\/v2\/users\/2"}],"replies":[{"embeddable":true,"href":"https:\/\/duesseldorf.portugal.de\/pt\/wp-json\/wp\/v2\/comments?post=827"}],"version-history":[{"count":8,"href":"https:\/\/duesseldorf.portugal.de\/pt\/wp-json\/wp\/v2\/pages\/827\/revisions"}],"predecessor-version":[{"id":1196,"href":"https:\/\/duesseldorf.portugal.de\/pt\/wp-json\/wp\/v2\/pages\/827\/revisions\/1196"}],"up":[{"embeddable":true,"href":"https:\/\/duesseldorf.portugal.de\/pt\/wp-json\/wp\/v2\/pages\/101"}],"wp:attachment":[{"href":"https:\/\/duesseldorf.portugal.de\/pt\/wp-json\/wp\/v2\/media?parent=827"}],"curies":[{"name":"wp","href":"https:\/\/api.w.org\/{rel}","templated":true}]}}